{"id":169,"date":"2011-08-30T11:28:22","date_gmt":"2011-08-30T11:28:22","guid":{"rendered":"http:\/\/192.168.9.29\/Development\/TB\/?page_id=169"},"modified":"2014-09-21T21:27:09","modified_gmt":"2014-09-21T18:27:09","slug":"gizlilik-politikasi","status":"publish","type":"page","link":"https:\/\/www.flashrestaurant.com.tr\/en\/gizlilik-politikasi\/","title":{"rendered":"Privacy Policy"},"content":{"rendered":"<p><div class=\"row \">\n<div class=\"span12 \"><p>--EN--<br \/>\n<strong>flashrestaurant.com.tr<\/strong> olarak ziyaret\u00e7ilerimizin gizlili\u011fine ve haklar\u0131na olduk\u00e7a \u00f6nem g\u00f6steriyoruz. Sitemiz \u00fczerinden bizimle etkile\u015fimde bulunabilece\u011finiz her alanda, gizlili\u011finizi ve g\u00fcvenli\u011finizi m\u00fcmk\u00fcn olan en \u00fcst d\u00fczeyde tutmak i\u00e7in a\u015fa\u011f\u0131daki ad\u0131mlar\u0131 uyguluyoruz.<\/p>\n<ul>\n<li>Yorum alanlar\u0131<\/li>\n<li>\u0130leti\u015fim sayfas\u0131<\/li>\n<li>Facebook Sayfam\u0131z<\/li>\n<li>Twitter Hesab\u0131m\u0131z<\/li>\n<li>Google Plus<\/li>\n<\/ul>\n<p><strong>Yorum Alan\u0131<\/strong><\/p>\n<p>Sitemiz \u00fczerinde etkile\u015fimde bulunabilece\u011finiz ilk alan olan Yorum b\u00f6l\u00fcm\u00fcnde e-posta adresleriniz \u00fc\u00e7\u00fcnc\u00fc \u015fah\u0131slarla asla payla\u015f\u0131lmamaktad\u0131r. Burada e-posta adresinizin istenme sebebi, yorum alanlar\u0131 d\u0131\u015f\u0131nda sizinle ileti\u015fim kurma gere\u011fidir.<\/p>\n<p><strong>\u0130leti\u015fim Sayfas\u0131<\/strong><\/p>\n<p>Bu sayfa arac\u0131l\u0131\u011f\u0131 ile site yetkilileri ve edit\u00f6rlere ula\u015fabilirsiniz. Size geri d\u00f6n\u00fc\u015f yap\u0131labilmesi i\u00e7in kendi e-posta adresinizi girmeniz gerekmektedir. Bu bilgiler de sizin g\u00fcvenli\u011finiz ve haklar\u0131n\u0131z i\u00e7in tamamen gizli tutulmaktad\u0131r.<\/p>\n<p><strong>Sosyal A\u011flar ve Payla\u015f\u0131m<\/strong><\/p>\n<p>antalyashipyard.com\u2019da kulland\u0131\u011f\u0131m\u0131z Facebook, Twitter, Google Plus ve di\u011fer Sosyal A\u011f bile\u015fenleri, ilgili sitelerin geli\u015ftirici sayfalar\u0131ndan al\u0131p kulland\u0131\u011f\u0131m\u0131z haz\u0131r ve \u00fcreticilerin denetiminde olan g\u00fcvenli bile\u015fenlerdir. Burada antalyashipyard.com\u00a0olarak; ilgili sosyal a\u011flar\u0131n gizlilik politikalar\u0131 d\u0131\u015f\u0131nda farkl\u0131 bir politikam\u0131z bulunmamaktad\u0131r. Bunun i\u00e7in a\u015fa\u011f\u0131daki sayfalar\u0131 ziyaret edebilirsiniz.<\/p>\n<p><strong>\u0130lgili Sosyal A\u011flar\u0131n Gizlilik S\u00f6zle\u015fmeleri<\/strong><\/p>\n<ul>\n<li><a href=\"https:\/\/www.google.com\/intl\/tr\/policies\/\" target=\"_blank\">Google Plus Gizlilik S\u00f6zle\u015fmesi<\/a><\/li>\n<li><a href=\"https:\/\/twitter.com\/privacy\" target=\"_blank\">Twitter Gizlilik S\u00f6zle\u015fmesi<\/a><\/li>\n<li><a href=\"https:\/\/www.facebook.com\/about\/privacy\/\" target=\"_blank\">Facebook Gizlilik S\u00f6zle\u015fmesi<\/a><\/li>\n<\/ul>\n<p>E-mail: <a href=\"mailto:info@flashrestaurant.com.tr\">info@flashrestaurant.com.tr<\/a><\/p><\/div>\n<\/div><!-- .row (end) --><\/p>","protected":false},"excerpt":{"rendered":"","protected":false},"author":1,"featured_media":0,"parent":0,"menu_order":10,"comment_status":"closed","ping_status":"closed","template":"page-fullwidth.php","meta":[],"_links":{"self":[{"href":"https:\/\/www.flashrestaurant.com.tr\/en\/wp-json\/wp\/v2\/pages\/169"}],"collection":[{"href":"https:\/\/www.flashrestaurant.com.tr\/en\/wp-json\/wp\/v2\/pages"}],"about":[{"href":"https:\/\/www.flashrestaurant.com.tr\/en\/wp-json\/wp\/v2\/types\/page"}],"author":[{"embeddable":true,"href":"https:\/\/www.flashrestaurant.com.tr\/en\/wp-json\/wp\/v2\/users\/1"}],"replies":[{"embeddable":true,"href":"https:\/\/www.flashrestaurant.com.tr\/en\/wp-json\/wp\/v2\/comments?post=169"}],"version-history":[{"count":6,"href":"https:\/\/www.flashrestaurant.com.tr\/en\/wp-json\/wp\/v2\/pages\/169\/revisions"}],"predecessor-version":[{"id":2286,"href":"https:\/\/www.flashrestaurant.com.tr\/en\/wp-json\/wp\/v2\/pages\/169\/revisions\/2286"}],"wp:attachment":[{"href":"https:\/\/www.flashrestaurant.com.tr\/en\/wp-json\/wp\/v2\/media?parent=169"}],"curies":[{"name":"wp","href":"https:\/\/api.w.org\/{rel}","templated":true}]}}